{"id":2281,"date":"2023-05-17T19:48:46","date_gmt":"2023-05-17T17:48:46","guid":{"rendered":"https:\/\/2025.hackyeah.pl\/zestaw-dla-mediow\/"},"modified":"2025-07-22T16:42:21","modified_gmt":"2025-07-22T14:42:21","slug":"media-kit","status":"publish","type":"page","link":"https:\/\/2025.hackyeah.pl\/pl\/media-kit\/","title":{"rendered":"Media Kit PL"},"content":{"rendered":"<div data-id=\"initial-content-section\" data-export-id=\"initial-content-section\" data-label=\"Initial Content\" id=\"initial-content-section\" class=\"content-section content-section-spacing\">\r\n<div class=\"big_text animated zoomIn duration3 eds-on-scroll \">MEDIA KIT<\/div>\r\n<div class=\"gridContainer\">\r\n<div class=\"fluid\">\r\n<div class=\"row middle-sm text-center\">\r\n<div class=\"col-md-12\">\r\n\r\n<div class=\"wrapper\">\r\n  <h2 class=\"glitch-mediakit\">MEDIA KIT<\/h2>\r\n<\/div>\r\n\t\r\n<div class=\"row justify-content-between\" style=\"margin-top: 90px\">\r\n \t<div class=\"col-md-12\">\r\n\r\n\r\n<p class=\"text-left page_text\">\r\nCze\u015b\u0107 partnerzy i przyjaciele HackYeah!\r\n<br><br>\r\nPrzygotowali\u015bmy troch\u0119 materia\u0142\u00f3w promocyjnych. <a href=\"https:\/\/drive.google.com\/drive\/folders\/1_j7bjzq7l2ClHgGSiy4bXfnLulIEelvY\" target=\"_blank\" style=\"color: #e6007e !important; text-decoration: none\" rel=\"noopener\">Znajdziecie tu<\/a> logotypy, zdj\u0119cia, komunikaty prasowe i tre\u015bci na media spo\u0142eczno\u015bciowe \u2014 wszystko, czego potrzebujecie, \u017ceby rozprzestrzeni\u0107 informacj\u0119 o hackathonie. <br><br>\r\nDzi\u0119kujemy za zainteresowanie i za Wasze wsparcie! <br><br>\r\nW razie pyta\u0144, piszcie na na adres: <a href=\"mailto:aleksandra.michalska@proidea.org.pl\" target=\"_blank\" style=\"color: #e6007e !important; text-decoration: none\" rel=\"noopener\">aleksandra.michalska@proidea.org.pl<\/a><\/p>\r\n\r\n\t\t<br><br>\r\n<p class=\"text-left page_text\">\r\n\t\r\n\t<strong class=\"textTitle\">Logo HackYeah:<\/strong>\r\n\t<br>\r\n\t<a href=\"\/wp-content\/uploads\/2024\/08\/Logo-HackYeah2024.zip\" style=\"color: #e6007e !important;\">Pobierz<\/a>\r\n\t<br><br>\r\n\t<strong class=\"textTitle\">\u015aLED\u0179 NAS I OZNACZAJ:<\/strong>\r\n\t<br><br>\r\n  HackYeah Web - [ <a style=\"color: #e6007e !important;\" href=\"https:\/\/2025.hackyeah.pl\/pl\/\"> https:\/\/2025.hackyeah.pl\/ <\/a> ]<br>\r\n  HackYeah Facebook - [ <a style=\"color: #e6007e !important;\" href=\"https:\/\/www.facebook.com\/HackYeahPL\/\"> https:\/\/www.facebook.com\/HackYeahPL\/ <\/a> ]<br>\r\n  HackYeah Linkedin - [ <a style=\"color: #e6007e !important;\" href=\"https:\/\/www.linkedin.com\/showcase\/hackyeah-hackathon\/\"> https:\/\/www.linkedin.com\/showcase\/hackyeah-hackathon\/ <\/a> ]  <br>\r\n  HackYeah X - [ <a style=\"color: #e6007e !important;\" href=\"https:\/\/x.com\/HackYeah\"> https:\/\/x.com\/HackYeah<\/a> ]  <br>\r\n  HackYeah Instagram - [ <a style=\"color: #e6007e !important;\" href=\"https:\/\/www.instagram.com\/hackyeah_\/\"> https:\/\/www.instagram.com\/hackyeah_\/ <\/a> ]  <br>\r\n  HackYeah Discord - [ <a style=\"color: #e6007e !important;\" href=\"https:\/\/discord.gg\/JJzBhMs5uF\"> https:\/\/discord.com\/invite\/hackyeah <\/a> ]  \r\n\t\t<\/p>\t\t\r\n\t\t\r\n<\/div>\r\n<\/div>\r\n\t\r\n<\/div>\r\n<\/div>\r\n<\/div>\r\n<\/div>\r\n<\/div>","protected":false},"excerpt":{"rendered":"MEDIA KIT MEDIA KIT Cze\u015b\u0107 partnerzy i przyjaciele HackYeah! Przygotowali\u015bmy troch\u0119 materia\u0142\u00f3w promocyjnych. Znajdziecie tu logotypy, zdj\u0119cia, komunikaty prasowe i tre\u015bci na media spo\u0142eczno\u015bciowe \u2014 wszystko, czego potrzebujecie, \u017ceby rozprzestrzeni\u0107 informacj\u0119 o hackathonie. Dzi\u0119kujemy za zainteresowanie i za Wasze wsparcie! W razie pyta\u0144, piszcie na na adres: aleksandra.michalska@proidea.org.pl Logo HackYeah: Pobierz \u015aLED\u0179 NAS I OZNACZAJ:&hellip; <br> <a class=\"read-more\" href=\"https:\/\/2025.hackyeah.pl\/pl\/media-kit\/\">Read more<\/a>","protected":false},"author":6,"featured_media":0,"parent":0,"menu_order":0,"comment_status":"closed","ping_status":"closed","template":"pro\/page-templates\/full-width-homepage-header.php","meta":{"ngg_post_thumbnail":0,"footnotes":""},"class_list":["post-2281","page","type-page","status-publish","hentry"],"aioseo_notices":[],"_links":{"self":[{"href":"https:\/\/2025.hackyeah.pl\/pl\/wp-json\/wp\/v2\/pages\/2281","targetHints":{"allow":["GET"]}}],"collection":[{"href":"https:\/\/2025.hackyeah.pl\/pl\/wp-json\/wp\/v2\/pages"}],"about":[{"href":"https:\/\/2025.hackyeah.pl\/pl\/wp-json\/wp\/v2\/types\/page"}],"author":[{"embeddable":true,"href":"https:\/\/2025.hackyeah.pl\/pl\/wp-json\/wp\/v2\/users\/6"}],"replies":[{"embeddable":true,"href":"https:\/\/2025.hackyeah.pl\/pl\/wp-json\/wp\/v2\/comments?post=2281"}],"version-history":[{"count":15,"href":"https:\/\/2025.hackyeah.pl\/pl\/wp-json\/wp\/v2\/pages\/2281\/revisions"}],"predecessor-version":[{"id":3557,"href":"https:\/\/2025.hackyeah.pl\/pl\/wp-json\/wp\/v2\/pages\/2281\/revisions\/3557"}],"wp:attachment":[{"href":"https:\/\/2025.hackyeah.pl\/pl\/wp-json\/wp\/v2\/media?parent=2281"}],"curies":[{"name":"wp","href":"https:\/\/api.w.org\/{rel}","templated":true}]}}